{"id":5,"date":"2022-10-20T12:54:46","date_gmt":"2022-10-20T12:54:46","guid":{"rendered":"http:\/\/www.zlicinskezahrady.cz\/?page_id=5"},"modified":"2022-11-28T21:17:35","modified_gmt":"2022-11-28T20:17:35","slug":"kontakty","status":"publish","type":"page","link":"https:\/\/www.zlicinskezahrady.cz\/?page_id=5","title":{"rendered":"Kontakty"},"content":{"rendered":"\n<h2 class=\"wp-block-heading\">V\u00fdbor SVJ<\/h2>\n\n\n\n<ul class=\"wp-block-list\">\n<li>Martin Dejmal\n<ul class=\"wp-block-list\">\n<li>zlicinskezahrady@gmail.com<\/li>\n<\/ul>\n<\/li>\n\n\n\n<li>Veronika Jakubcov\u00e1<\/li>\n\n\n\n<li>Ludv\u00edk Toman<\/li>\n<\/ul>\n\n\n\n<h2 class=\"wp-block-heading\">Yvex &#8211; spr\u00e1vcovsk\u00e1 firma<\/h2>\n\n\n\n<ul class=\"wp-block-list\">\n<li><strong>Pavel Mat\u011bjka <\/strong>&#8211; operativa, \u00fadr\u017eba, \u0159e\u0161en\u00ed technick\u00fdch z\u00e1l\u017eitost\u00ed\n<ul class=\"wp-block-list\">\n<li>tel, 777 329 434<\/li>\n<\/ul>\n<\/li>\n\n\n\n<li><strong>Lucie Christianov\u00e1<\/strong> &#8211; \u00fa\u010detnictv\u00ed, z\u00e1lohy, administrativa, kontaktn\u00ed osoba za Yvex\n<ul class=\"wp-block-list\">\n<li>tel. , email<\/li>\n<\/ul>\n<\/li>\n<\/ul>\n\n\n\n<p><\/p>\n","protected":false},"excerpt":{"rendered":"<p>V\u00fdbor SVJ Yvex &#8211; spr\u00e1vcovsk\u00e1 firma<\/p>\n","protected":false},"author":1,"featured_media":0,"parent":0,"menu_order":0,"comment_status":"closed","ping_status":"closed","template":"","meta":{"jetpack_post_was_ever_published":false,"footnotes":""},"class_list":["post-5","page","type-page","status-publish","hentry"],"jetpack_sharing_enabled":true,"_links":{"self":[{"href":"https:\/\/www.zlicinskezahrady.cz\/index.php?rest_route=\/wp\/v2\/pages\/5","targetHints":{"allow":["GET"]}}],"collection":[{"href":"https:\/\/www.zlicinskezahrady.cz\/index.php?rest_route=\/wp\/v2\/pages"}],"about":[{"href":"https:\/\/www.zlicinskezahrady.cz\/index.php?rest_route=\/wp\/v2\/types\/page"}],"author":[{"embeddable":true,"href":"https:\/\/www.zlicinskezahrady.cz\/index.php?rest_route=\/wp\/v2\/users\/1"}],"replies":[{"embeddable":true,"href":"https:\/\/www.zlicinskezahrady.cz\/index.php?rest_route=%2Fwp%2Fv2%2Fcomments&post=5"}],"version-history":[{"count":3,"href":"https:\/\/www.zlicinskezahrady.cz\/index.php?rest_route=\/wp\/v2\/pages\/5\/revisions"}],"predecessor-version":[{"id":38,"href":"https:\/\/www.zlicinskezahrady.cz\/index.php?rest_route=\/wp\/v2\/pages\/5\/revisions\/38"}],"wp:attachment":[{"href":"https:\/\/www.zlicinskezahrady.cz\/index.php?rest_route=%2Fwp%2Fv2%2Fmedia&parent=5"}],"curies":[{"name":"wp","href":"https:\/\/api.w.org\/{rel}","templated":true}]}}